{"id":86,"date":"2024-04-21T21:22:30","date_gmt":"2024-04-21T19:22:30","guid":{"rendered":"https:\/\/virtualeyes.re\/?page_id=86"},"modified":"2024-04-21T22:57:30","modified_gmt":"2024-04-21T20:57:30","slug":"design-image-de-marque-chez-virtualeyes","status":"publish","type":"page","link":"https:\/\/virtualeyes.re\/?page_id=86","title":{"rendered":"Design &amp; Image de Marque chez VirtualEyes"},"content":{"rendered":"\n\t<div id=\"gap-817329423\" class=\"gap-element clearfix\" style=\"display:block; height:auto;\">\n\t\t\n<style>\n#gap-817329423 {\n  padding-top: 50px;\n}\n<\/style>\n\t<\/div>\n\t\n\n<h1><strong>Design &amp; Image de Marque<\/strong><\/h1>\n<div class=\"row\"  id=\"row-889537663\">\n\n\n\t<div id=\"col-1327480502\" class=\"col medium-6 small-12 large-6\"  >\n\t\t\t\t<div class=\"col-inner\"  >\n\t\t\t\n\t\t\t\n\n<h2>Cr\u00e9ation de Logo et Identit\u00e9 Visuelle : Capturer l&rsquo;Essence de Votre Marque<\/h2>\n<h3>Votre logo : le premier ambassadeur de votre entreprise<\/h3>\n<p>Chez VirtualEyes, nous comprenons que le logo est souvent le premier point de contact entre votre marque et le consommateur. Notre expertise en <strong>cr\u00e9ation de logos personnalis\u00e9s<\/strong> assure que chaque design refl\u00e8te fid\u00e8lement l\u2019esprit de votre soci\u00e9t\u00e9 tout en incarnant vos valeurs fondamentales. Optez pour nos services et b\u00e9n\u00e9ficiez :<\/p>\n<ul>\n<li>De cr\u00e9ations enti\u00e8rement personnalis\u00e9es<\/li>\n<li>D&rsquo;un nombre illimit\u00e9 de modifications jusqu&rsquo;\u00e0 satisfaction compl\u00e8te<\/li>\n<li>D&rsquo;une approche bas\u00e9e sur la strat\u00e9gie de marque et l&rsquo;analyse de march\u00e9<\/li>\n<\/ul>\n<h2>Diagnostic et Analyse de Marque : Maximiser Votre Impact sur le March\u00e9<\/h2>\n<h3>\u00c9valuation de performance de votre marque<\/h3>\n<p>Votre marque peine \u00e0 se d\u00e9marquer ? Vous rencontrez des difficult\u00e9s en termes de reconnaissance sur le march\u00e9 ? Laissez-nous effectuer une <strong>analyse approfondie<\/strong> de votre pr\u00e9sence en ligne (site web, r\u00e9seaux sociaux) et hors ligne (signal\u00e9tique, publicit\u00e9s). Nous vous proposerons une strat\u00e9gie sur mesure pour accro\u00eetre votre visibilit\u00e9 et votre notori\u00e9t\u00e9.<\/p>\n<h2>Refonte d&rsquo;Image de Marque : R\u00e9inventer sans se Perdre<\/h2>\n<h3>Modernisez votre image en restant fid\u00e8le \u00e0 votre identit\u00e9<\/h3>\n<p>Si votre image actuelle ne refl\u00e8te plus les aspirations ou les r\u00e9alit\u00e9s de votre entreprise, VirtualEyes peut orchestrer une refonte de votre image de marque. En \u00e9valuant l&rsquo;impact actuel de votre marque, nous pouvons d\u00e9finir une nouvelle direction qui permettra \u00e0 votre entreprise de se distinguer sans renier ses racines.<\/p>\n<h2>Expertise Multilingue : Connecter Votre Marque au Monde<\/h2>\n<h3>Traduction professionnelles : Fran\u00e7ais, Anglais, Allemand<\/h3>\n<p>Avec VirtualEyes et notre partenaire ORIGAMI R\u00e9union, votre contenu digital peut traverser les fronti\u00e8res. Nous offrons des services de <strong>traduction de sites web<\/strong> et de mat\u00e9riel marketing (brochures, catalogues) pour vous permettre d&rsquo;engager efficacement avec un public international.<\/p>\n<h2>Design de Packaging : Innovation et Cr\u00e9ativit\u00e9 \u00e0 Votre Service<\/h2>\n<h3>Cr\u00e9ation visuelle pour tous types de packaging<\/h3>\n<p>Notre \u00e9quipe de designers est \u00e0 votre disposition pour cr\u00e9er des emballages uniques qui captent l&rsquo;attention et valorisent votre produit sur le march\u00e9. Gr\u00e2ce \u00e0 l&rsquo;utilisation combin\u00e9e de logiciels 3D et 2D, nous vous fournirons des visualisations r\u00e9alistes qui vous aideront \u00e0 prendre les meilleures d\u00e9cisions pour vos produits.<\/p>\n\n\t\t<\/div>\n\t\t\t\t\t<\/div>\n\n\t\n\n\t<div id=\"col-1088682246\" class=\"col medium-6 small-12 large-6\"  >\n\t\t\t\t<div class=\"col-inner\"  >\n\t\t\t\n\t\t\t\n\n\t<div class=\"img has-hover x md-x lg-x y md-y lg-y\" id=\"image_296603406\">\n\t\t\t\t\t\t\t\t<div class=\"img-inner dark\" >\n\t\t\t<img loading=\"lazy\" decoding=\"async\" width=\"915\" height=\"665\" src=\"https:\/\/virtualeyes.re\/wp-content\/uploads\/2024\/04\/origami-computer-home-1.jpg\" class=\"attachment-large size-large\" alt=\"\" srcset=\"https:\/\/virtualeyes.re\/wp-content\/uploads\/2024\/04\/origami-computer-home-1.jpg 915w, https:\/\/virtualeyes.re\/wp-content\/uploads\/2024\/04\/origami-computer-home-1-300x218.jpg 300w, https:\/\/virtualeyes.re\/wp-content\/uploads\/2024\/04\/origami-computer-home-1-768x558.jpg 768w\" sizes=\"auto, (max-width: 915px) 100vw, 915px\" \/>\t\t\t\t\t\t\n\t\t\t\t\t<\/div>\n\t\t\t\t\t\t\t\t\n<style>\n#image_296603406 {\n  width: 100%;\n}\n<\/style>\n\t<\/div>\n\t\n\n\t<div class=\"img has-hover x md-x lg-x y md-y lg-y\" id=\"image_1816681554\">\n\t\t\t\t\t\t\t\t<div class=\"img-inner dark\" >\n\t\t\t<img loading=\"lazy\" decoding=\"async\" width=\"900\" height=\"655\" src=\"https:\/\/virtualeyes.re\/wp-content\/uploads\/2024\/04\/gemma-900.jpg\" class=\"attachment-large size-large\" alt=\"\" srcset=\"https:\/\/virtualeyes.re\/wp-content\/uploads\/2024\/04\/gemma-900.jpg 900w, https:\/\/virtualeyes.re\/wp-content\/uploads\/2024\/04\/gemma-900-300x218.jpg 300w, https:\/\/virtualeyes.re\/wp-content\/uploads\/2024\/04\/gemma-900-768x559.jpg 768w\" sizes=\"auto, (max-width: 900px) 100vw, 900px\" \/>\t\t\t\t\t\t\n\t\t\t\t\t<\/div>\n\t\t\t\t\t\t\t\t\n<style>\n#image_1816681554 {\n  width: 100%;\n}\n<\/style>\n\t<\/div>\n\t\n\n\n\t\t<\/div>\n\t\t\t\t\t<\/div>\n\n\t\n\n<\/div>\n<div class=\"is-divider divider clearfix\" style=\"max-width:100%;\"><\/div>\n\n<h2>Chez VirtualEyes, nous mettons notre exp\u00e9rience de plus de 25 ans dans le domaine du design et de l&rsquo;image de marque au service de votre entreprise. Contactez-nous pour transformer et dynamiser votre marque d\u00e8s aujourd&rsquo;hui.<\/h2>\n\n","protected":false},"excerpt":{"rendered":"","protected":false},"author":1,"featured_media":0,"parent":0,"menu_order":0,"comment_status":"closed","ping_status":"closed","template":"","meta":{"_monsterinsights_skip_tracking":false,"_monsterinsights_sitenote_active":false,"_monsterinsights_sitenote_note":"","_monsterinsights_sitenote_category":0,"footnotes":""},"class_list":["post-86","page","type-page","status-publish","hentry"],"yoast_head":"<!-- This site is optimized with the Yoast SEO plugin v27.5 - https:\/\/yoast.com\/product\/yoast-seo-wordpress\/ -->\n<title>Design &amp; Image de Marque chez VirtualEyes - VirtualEyes<\/title>\n<meta name=\"robots\" content=\"index, follow, max-snippet:-1, max-image-preview:large, max-video-preview:-1\" \/>\n<link rel=\"canonical\" href=\"https:\/\/virtualeyes.re\/design-image-de-marque-chez-virtualeyes\/\" \/>\n<meta property=\"og:locale\" content=\"fr_FR\" \/>\n<meta property=\"og:type\" content=\"article\" \/>\n<meta property=\"og:title\" content=\"Design &amp; Image de Marque chez VirtualEyes - VirtualEyes\" \/>\n<meta property=\"og:url\" content=\"https:\/\/virtualeyes.re\/design-image-de-marque-chez-virtualeyes\/\" \/>\n<meta property=\"og:site_name\" content=\"VirtualEyes\" \/>\n<meta property=\"article:modified_time\" content=\"2024-04-21T20:57:30+00:00\" \/>\n<meta name=\"twitter:card\" content=\"summary_large_image\" \/>\n<meta name=\"twitter:label1\" content=\"Dur\u00e9e de lecture estim\u00e9e\" \/>\n\t<meta name=\"twitter:data1\" content=\"2 minutes\" \/>\n<script type=\"application\/ld+json\" class=\"yoast-schema-graph\">{\"@context\":\"https:\\\/\\\/schema.org\",\"@graph\":[{\"@type\":\"WebPage\",\"@id\":\"https:\\\/\\\/virtualeyes.re\\\/design-image-de-marque-chez-virtualeyes\\\/\",\"url\":\"https:\\\/\\\/virtualeyes.re\\\/design-image-de-marque-chez-virtualeyes\\\/\",\"name\":\"Design &amp; Image de Marque chez VirtualEyes - VirtualEyes\",\"isPartOf\":{\"@id\":\"https:\\\/\\\/virtualeyes.re\\\/#website\"},\"datePublished\":\"2024-04-21T19:22:30+00:00\",\"dateModified\":\"2024-04-21T20:57:30+00:00\",\"breadcrumb\":{\"@id\":\"https:\\\/\\\/virtualeyes.re\\\/design-image-de-marque-chez-virtualeyes\\\/#breadcrumb\"},\"inLanguage\":\"fr-FR\",\"potentialAction\":[{\"@type\":\"ReadAction\",\"target\":[\"https:\\\/\\\/virtualeyes.re\\\/design-image-de-marque-chez-virtualeyes\\\/\"]}]},{\"@type\":\"BreadcrumbList\",\"@id\":\"https:\\\/\\\/virtualeyes.re\\\/design-image-de-marque-chez-virtualeyes\\\/#breadcrumb\",\"itemListElement\":[{\"@type\":\"ListItem\",\"position\":1,\"name\":\"Accueil\",\"item\":\"https:\\\/\\\/virtualeyes.re\\\/\"},{\"@type\":\"ListItem\",\"position\":2,\"name\":\"Design &amp; Image de Marque chez VirtualEyes\"}]},{\"@type\":\"WebSite\",\"@id\":\"https:\\\/\\\/virtualeyes.re\\\/#website\",\"url\":\"https:\\\/\\\/virtualeyes.re\\\/\",\"name\":\"VirtualEyes\",\"description\":\"Cr\u00e9ation de Site Internet, Design, Image de marque et Marketing \u00e0 la R\u00e9union\",\"potentialAction\":[{\"@type\":\"SearchAction\",\"target\":{\"@type\":\"EntryPoint\",\"urlTemplate\":\"https:\\\/\\\/virtualeyes.re\\\/?s={search_term_string}\"},\"query-input\":{\"@type\":\"PropertyValueSpecification\",\"valueRequired\":true,\"valueName\":\"search_term_string\"}}],\"inLanguage\":\"fr-FR\"}]}<\/script>\n<!-- \/ Yoast SEO plugin. -->","yoast_head_json":{"title":"Design &amp; Image de Marque chez VirtualEyes - VirtualEyes","robots":{"index":"index","follow":"follow","max-snippet":"max-snippet:-1","max-image-preview":"max-image-preview:large","max-video-preview":"max-video-preview:-1"},"canonical":"https:\/\/virtualeyes.re\/design-image-de-marque-chez-virtualeyes\/","og_locale":"fr_FR","og_type":"article","og_title":"Design &amp; Image de Marque chez VirtualEyes - VirtualEyes","og_url":"https:\/\/virtualeyes.re\/design-image-de-marque-chez-virtualeyes\/","og_site_name":"VirtualEyes","article_modified_time":"2024-04-21T20:57:30+00:00","twitter_card":"summary_large_image","twitter_misc":{"Dur\u00e9e de lecture estim\u00e9e":"2 minutes"},"schema":{"@context":"https:\/\/schema.org","@graph":[{"@type":"WebPage","@id":"https:\/\/virtualeyes.re\/design-image-de-marque-chez-virtualeyes\/","url":"https:\/\/virtualeyes.re\/design-image-de-marque-chez-virtualeyes\/","name":"Design &amp; Image de Marque chez VirtualEyes - VirtualEyes","isPartOf":{"@id":"https:\/\/virtualeyes.re\/#website"},"datePublished":"2024-04-21T19:22:30+00:00","dateModified":"2024-04-21T20:57:30+00:00","breadcrumb":{"@id":"https:\/\/virtualeyes.re\/design-image-de-marque-chez-virtualeyes\/#breadcrumb"},"inLanguage":"fr-FR","potentialAction":[{"@type":"ReadAction","target":["https:\/\/virtualeyes.re\/design-image-de-marque-chez-virtualeyes\/"]}]},{"@type":"BreadcrumbList","@id":"https:\/\/virtualeyes.re\/design-image-de-marque-chez-virtualeyes\/#breadcrumb","itemListElement":[{"@type":"ListItem","position":1,"name":"Accueil","item":"https:\/\/virtualeyes.re\/"},{"@type":"ListItem","position":2,"name":"Design &amp; Image de Marque chez VirtualEyes"}]},{"@type":"WebSite","@id":"https:\/\/virtualeyes.re\/#website","url":"https:\/\/virtualeyes.re\/","name":"VirtualEyes","description":"Cr\u00e9ation de Site Internet, Design, Image de marque et Marketing \u00e0 la R\u00e9union","potentialAction":[{"@type":"SearchAction","target":{"@type":"EntryPoint","urlTemplate":"https:\/\/virtualeyes.re\/?s={search_term_string}"},"query-input":{"@type":"PropertyValueSpecification","valueRequired":true,"valueName":"search_term_string"}}],"inLanguage":"fr-FR"}]}},"_links":{"self":[{"href":"https:\/\/virtualeyes.re\/index.php?rest_route=\/wp\/v2\/pages\/86","targetHints":{"allow":["GET"]}}],"collection":[{"href":"https:\/\/virtualeyes.re\/index.php?rest_route=\/wp\/v2\/pages"}],"about":[{"href":"https:\/\/virtualeyes.re\/index.php?rest_route=\/wp\/v2\/types\/page"}],"author":[{"embeddable":true,"href":"https:\/\/virtualeyes.re\/index.php?rest_route=\/wp\/v2\/users\/1"}],"replies":[{"embeddable":true,"href":"https:\/\/virtualeyes.re\/index.php?rest_route=%2Fwp%2Fv2%2Fcomments&post=86"}],"version-history":[{"count":7,"href":"https:\/\/virtualeyes.re\/index.php?rest_route=\/wp\/v2\/pages\/86\/revisions"}],"predecessor-version":[{"id":147,"href":"https:\/\/virtualeyes.re\/index.php?rest_route=\/wp\/v2\/pages\/86\/revisions\/147"}],"wp:attachment":[{"href":"https:\/\/virtualeyes.re\/index.php?rest_route=%2Fwp%2Fv2%2Fmedia&parent=86"}],"curies":[{"name":"wp","href":"https:\/\/api.w.org\/{rel}","templated":true}]}}