{"id":268,"date":"2024-08-15T19:41:20","date_gmt":"2024-08-15T17:41:20","guid":{"rendered":"https:\/\/virtualeyes.re\/?page_id=268"},"modified":"2024-08-15T23:40:41","modified_gmt":"2024-08-15T21:40:41","slug":"seo-et-sea","status":"publish","type":"page","link":"https:\/\/virtualeyes.re\/?page_id=268","title":{"rendered":"Optimisez Votre Visibilit\u00e9 en Ligne : SEO et SEA"},"content":{"rendered":"\n<div class=\"row\"  id=\"row-1094335620\">\n\n\n\t<div id=\"col-1716143658\" class=\"col small-12 large-12\"  >\n\t\t\t\t<div class=\"col-inner\"  >\n\t\t\t\n\t\t\t\n\n<div class=\"container section-title-container\" ><h1 class=\"section-title section-title-normal\"><b><\/b><span class=\"section-title-main\" style=\"font-size:77%;\">Optimisez Votre Visibilit\u00e9 en Ligne : SEO et SEA<\/span><b><\/b><\/h1><\/div>\n\n\t<div id=\"text-4190269245\" class=\"text tick\">\n\t\t\n\n<p>Chez VirtualEyes, nous comprenons que pour r\u00e9ussir en ligne, il est essentiel d&rsquo;avoir une strat\u00e9gie de visibilit\u00e9 compl\u00e8te et efficace. C&rsquo;est pourquoi nous offrons des services de <strong>SEO (Search Engine Optimization)<\/strong> et de <strong>SEA (Search Engine Advertising)<\/strong>, chacun con\u00e7u pour booster votre pr\u00e9sence sur le web de mani\u00e8re durable et cibl\u00e9e.<\/p>\n<ul>\n<li>SEO : Maximisez Votre Visibilit\u00e9 Organique<\/li>\n<\/ul>\n<p>Le <strong>SEO<\/strong> est l&rsquo;art de positionner votre site web parmi les premiers r\u00e9sultats des moteurs de recherche comme Google. Nos experts optimisent chaque aspect de votre site, du contenu aux balises meta, en passant par la structure technique, pour garantir une visibilit\u00e9 organique accrue. Le SEO est une solution \u00e0 long terme qui g\u00e9n\u00e8re du trafic de qualit\u00e9, am\u00e9liore votre cr\u00e9dibilit\u00e9 en ligne, et offre un excellent retour sur investissement.<\/p>\n<ul>\n<li>SEA : Gagnez en Trafic Imm\u00e9diat avec la Publicit\u00e9 Payante<\/li>\n<\/ul>\n<p>Le <strong>SEA<\/strong>, ou publicit\u00e9 sur les moteurs de recherche, permet d&rsquo;obtenir des r\u00e9sultats imm\u00e9diats en pla\u00e7ant vos annonces au sommet des pages de recherche. Nos sp\u00e9cialistes SEA g\u00e8rent vos campagnes de bout en bout, de la cr\u00e9ation des annonces \u00e0 l&rsquo;optimisation des ench\u00e8res, pour maximiser vos conversions tout en contr\u00f4lant vos co\u00fbts. Le SEA est id\u00e9al pour les entreprises cherchant \u00e0 obtenir rapidement du trafic qualifi\u00e9 et \u00e0 atteindre des objectifs sp\u00e9cifiques \u00e0 court terme.<\/p>\n<ul>\n<li>SEO et SEA : Une Synergie Gagnante<\/li>\n<\/ul>\n<p>En combinant <strong>SEO<\/strong> et <strong>SEA<\/strong>, vous b\u00e9n\u00e9ficiez du meilleur des deux mondes. Le <strong>SEO<\/strong> construit une base solide pour une visibilit\u00e9 organique durable, tandis que le <strong>SEA<\/strong> vous permet de g\u00e9n\u00e9rer du trafic instantan\u00e9ment. Ensemble, ces strat\u00e9gies vous offrent une couverture compl\u00e8te, am\u00e9liorant votre notori\u00e9t\u00e9 en ligne et vos performances globales.<\/p>\n\t\t\t<\/div>\n\t\n<a class=\"button primary\"  style=\"border-radius:99px;\">\n    <span>Contactez-nous maintenant !<\/span>\n  <\/a>\n\n\n\n\t\t<\/div>\n\t\t\t\t\t<\/div>\n\n\t\n\n<\/div>\n<div class=\"row\"  id=\"row-605333099\">\n\n\n\t<div id=\"col-364055672\" class=\"col medium-2 small-12 large-2\"  >\n\t\t\t\t<div class=\"col-inner\"  >\n\t\t\t\n\t\t\t\n\n\t<div class=\"img has-hover x md-x lg-x y md-y lg-y\" id=\"image_291078194\">\n\t\t\t\t\t\t\t\t<div class=\"img-inner dark\" >\n\t\t\t<img loading=\"lazy\" decoding=\"async\" width=\"164\" height=\"161\" src=\"https:\/\/virtualeyes.re\/wp-content\/uploads\/2024\/08\/exp-VR.png\" class=\"attachment-large size-large\" alt=\"\" \/>\t\t\t\t\t\t\n\t\t\t\t\t<\/div>\n\t\t\t\t\t\t\t\t\n<style>\n#image_291078194 {\n  width: 79%;\n}\n<\/style>\n\t<\/div>\n\t\n\n\n\t\t<\/div>\n\t\t\t\t\t<\/div>\n\n\t\n\n\t<div id=\"col-583402643\" class=\"col medium-10 small-12 large-10\"  >\n\t\t\t\t<div class=\"col-inner\"  >\n\t\t\t\n\t\t\t\n\n\t<div id=\"gap-493144603\" class=\"gap-element clearfix\" style=\"display:block; height:auto;\">\n\t\t\n<style>\n#gap-493144603 {\n  padding-top: 30px;\n}\n<\/style>\n\t<\/div>\n\t\n\n<p><strong>Vous souhaitez booster votre pr\u00e9sence en ligne et maximiser votre retour sur investissement ?<\/strong> Contactez-nous d\u00e8s aujourd&rsquo;hui pour une consultation gratuite et d\u00e9couvrez comment nos services SEO et SEA peuvent propulser votre entreprise vers de nouveaux sommets.<\/p>\n<p>Int\u00e9ress\u00e9 par la publicit\u00e9 sur Facebook ou Instagram ? Contactez-nous pour une <a href=\"https:\/\/virtualeyes.re\/\">consultation gratuite<\/a> !<\/p>\n\n\t\t<\/div>\n\t\t\t\t\t<\/div>\n\n\t\n\n<\/div>\n\n","protected":false},"excerpt":{"rendered":"","protected":false},"author":2,"featured_media":0,"parent":0,"menu_order":0,"comment_status":"closed","ping_status":"closed","template":"","meta":{"_monsterinsights_skip_tracking":false,"_monsterinsights_sitenote_active":false,"_monsterinsights_sitenote_note":"","_monsterinsights_sitenote_category":0,"footnotes":""},"class_list":["post-268","page","type-page","status-publish","hentry"],"yoast_head":"<!-- This site is optimized with the Yoast SEO plugin v27.5 - https:\/\/yoast.com\/product\/yoast-seo-wordpress\/ -->\n<title>Optimisez Votre Visibilit\u00e9 en Ligne : SEO et SEA - VirtualEyes<\/title>\n<meta name=\"description\" content=\"Boostez la visibilit\u00e9 de votre site web avec les services SEO et SEA. Maximisez votre trafic organique et publicitaire. Contactez-nous !\" \/>\n<meta name=\"robots\" content=\"index, follow, max-snippet:-1, max-image-preview:large, max-video-preview:-1\" \/>\n<link rel=\"canonical\" href=\"https:\/\/virtualeyes.re\/en\/optimize-your-online-visibility-seo-and-sea\/\" \/>\n<meta property=\"og:locale\" content=\"fr_FR\" \/>\n<meta property=\"og:type\" content=\"article\" \/>\n<meta property=\"og:title\" content=\"Optimisez Votre Visibilit\u00e9 en Ligne : SEO et SEA - VirtualEyes\" \/>\n<meta property=\"og:description\" content=\"Boostez la visibilit\u00e9 de votre site web avec les services SEO et SEA. Maximisez votre trafic organique et publicitaire. Contactez-nous !\" \/>\n<meta property=\"og:url\" content=\"https:\/\/virtualeyes.re\/en\/optimize-your-online-visibility-seo-and-sea\/\" \/>\n<meta property=\"og:site_name\" content=\"VirtualEyes\" \/>\n<meta property=\"article:modified_time\" content=\"2024-08-15T21:40:41+00:00\" \/>\n<meta name=\"twitter:card\" content=\"summary_large_image\" \/>\n<meta name=\"twitter:label1\" content=\"Dur\u00e9e de lecture estim\u00e9e\" \/>\n\t<meta name=\"twitter:data1\" content=\"2 minutes\" \/>\n<script type=\"application\/ld+json\" class=\"yoast-schema-graph\">{\"@context\":\"https:\\\/\\\/schema.org\",\"@graph\":[{\"@type\":\"WebPage\",\"@id\":\"https:\\\/\\\/virtualeyes.re\\\/en\\\/optimize-your-online-visibility-seo-and-sea\\\/\",\"url\":\"https:\\\/\\\/virtualeyes.re\\\/en\\\/optimize-your-online-visibility-seo-and-sea\\\/\",\"name\":\"Optimisez Votre Visibilit\u00e9 en Ligne : SEO et SEA - VirtualEyes\",\"isPartOf\":{\"@id\":\"https:\\\/\\\/virtualeyes.re\\\/#website\"},\"datePublished\":\"2024-08-15T17:41:20+00:00\",\"dateModified\":\"2024-08-15T21:40:41+00:00\",\"description\":\"Boostez la visibilit\u00e9 de votre site web avec les services SEO et SEA. Maximisez votre trafic organique et publicitaire. Contactez-nous !\",\"breadcrumb\":{\"@id\":\"https:\\\/\\\/virtualeyes.re\\\/en\\\/optimize-your-online-visibility-seo-and-sea\\\/#breadcrumb\"},\"inLanguage\":\"fr-FR\",\"potentialAction\":[{\"@type\":\"ReadAction\",\"target\":[\"https:\\\/\\\/virtualeyes.re\\\/en\\\/optimize-your-online-visibility-seo-and-sea\\\/\"]}]},{\"@type\":\"BreadcrumbList\",\"@id\":\"https:\\\/\\\/virtualeyes.re\\\/en\\\/optimize-your-online-visibility-seo-and-sea\\\/#breadcrumb\",\"itemListElement\":[{\"@type\":\"ListItem\",\"position\":1,\"name\":\"Accueil\",\"item\":\"https:\\\/\\\/virtualeyes.re\\\/\"},{\"@type\":\"ListItem\",\"position\":2,\"name\":\"Optimisez Votre Visibilit\u00e9 en Ligne : SEO et SEA\"}]},{\"@type\":\"WebSite\",\"@id\":\"https:\\\/\\\/virtualeyes.re\\\/#website\",\"url\":\"https:\\\/\\\/virtualeyes.re\\\/\",\"name\":\"VirtualEyes\",\"description\":\"Cr\u00e9ation de Site Internet, Design, Image de marque et Marketing \u00e0 la R\u00e9union\",\"potentialAction\":[{\"@type\":\"SearchAction\",\"target\":{\"@type\":\"EntryPoint\",\"urlTemplate\":\"https:\\\/\\\/virtualeyes.re\\\/?s={search_term_string}\"},\"query-input\":{\"@type\":\"PropertyValueSpecification\",\"valueRequired\":true,\"valueName\":\"search_term_string\"}}],\"inLanguage\":\"fr-FR\"}]}<\/script>\n<!-- \/ Yoast SEO plugin. -->","yoast_head_json":{"title":"Optimisez Votre Visibilit\u00e9 en Ligne : SEO et SEA - VirtualEyes","description":"Boostez la visibilit\u00e9 de votre site web avec les services SEO et SEA. Maximisez votre trafic organique et publicitaire. Contactez-nous !","robots":{"index":"index","follow":"follow","max-snippet":"max-snippet:-1","max-image-preview":"max-image-preview:large","max-video-preview":"max-video-preview:-1"},"canonical":"https:\/\/virtualeyes.re\/en\/optimize-your-online-visibility-seo-and-sea\/","og_locale":"fr_FR","og_type":"article","og_title":"Optimisez Votre Visibilit\u00e9 en Ligne : SEO et SEA - VirtualEyes","og_description":"Boostez la visibilit\u00e9 de votre site web avec les services SEO et SEA. Maximisez votre trafic organique et publicitaire. Contactez-nous !","og_url":"https:\/\/virtualeyes.re\/en\/optimize-your-online-visibility-seo-and-sea\/","og_site_name":"VirtualEyes","article_modified_time":"2024-08-15T21:40:41+00:00","twitter_card":"summary_large_image","twitter_misc":{"Dur\u00e9e de lecture estim\u00e9e":"2 minutes"},"schema":{"@context":"https:\/\/schema.org","@graph":[{"@type":"WebPage","@id":"https:\/\/virtualeyes.re\/en\/optimize-your-online-visibility-seo-and-sea\/","url":"https:\/\/virtualeyes.re\/en\/optimize-your-online-visibility-seo-and-sea\/","name":"Optimisez Votre Visibilit\u00e9 en Ligne : SEO et SEA - VirtualEyes","isPartOf":{"@id":"https:\/\/virtualeyes.re\/#website"},"datePublished":"2024-08-15T17:41:20+00:00","dateModified":"2024-08-15T21:40:41+00:00","description":"Boostez la visibilit\u00e9 de votre site web avec les services SEO et SEA. Maximisez votre trafic organique et publicitaire. Contactez-nous !","breadcrumb":{"@id":"https:\/\/virtualeyes.re\/en\/optimize-your-online-visibility-seo-and-sea\/#breadcrumb"},"inLanguage":"fr-FR","potentialAction":[{"@type":"ReadAction","target":["https:\/\/virtualeyes.re\/en\/optimize-your-online-visibility-seo-and-sea\/"]}]},{"@type":"BreadcrumbList","@id":"https:\/\/virtualeyes.re\/en\/optimize-your-online-visibility-seo-and-sea\/#breadcrumb","itemListElement":[{"@type":"ListItem","position":1,"name":"Accueil","item":"https:\/\/virtualeyes.re\/"},{"@type":"ListItem","position":2,"name":"Optimisez Votre Visibilit\u00e9 en Ligne : SEO et SEA"}]},{"@type":"WebSite","@id":"https:\/\/virtualeyes.re\/#website","url":"https:\/\/virtualeyes.re\/","name":"VirtualEyes","description":"Cr\u00e9ation de Site Internet, Design, Image de marque et Marketing \u00e0 la R\u00e9union","potentialAction":[{"@type":"SearchAction","target":{"@type":"EntryPoint","urlTemplate":"https:\/\/virtualeyes.re\/?s={search_term_string}"},"query-input":{"@type":"PropertyValueSpecification","valueRequired":true,"valueName":"search_term_string"}}],"inLanguage":"fr-FR"}]}},"_links":{"self":[{"href":"https:\/\/virtualeyes.re\/index.php?rest_route=\/wp\/v2\/pages\/268","targetHints":{"allow":["GET"]}}],"collection":[{"href":"https:\/\/virtualeyes.re\/index.php?rest_route=\/wp\/v2\/pages"}],"about":[{"href":"https:\/\/virtualeyes.re\/index.php?rest_route=\/wp\/v2\/types\/page"}],"author":[{"embeddable":true,"href":"https:\/\/virtualeyes.re\/index.php?rest_route=\/wp\/v2\/users\/2"}],"replies":[{"embeddable":true,"href":"https:\/\/virtualeyes.re\/index.php?rest_route=%2Fwp%2Fv2%2Fcomments&post=268"}],"version-history":[{"count":8,"href":"https:\/\/virtualeyes.re\/index.php?rest_route=\/wp\/v2\/pages\/268\/revisions"}],"predecessor-version":[{"id":516,"href":"https:\/\/virtualeyes.re\/index.php?rest_route=\/wp\/v2\/pages\/268\/revisions\/516"}],"wp:attachment":[{"href":"https:\/\/virtualeyes.re\/index.php?rest_route=%2Fwp%2Fv2%2Fmedia&parent=268"}],"curies":[{"name":"wp","href":"https:\/\/api.w.org\/{rel}","templated":true}]}}