{"id":260,"date":"2024-08-14T00:33:47","date_gmt":"2024-08-13T22:33:47","guid":{"rendered":"https:\/\/virtualeyes.re\/?page_id=260"},"modified":"2024-08-14T00:39:23","modified_gmt":"2024-08-13T22:39:23","slug":"marketing-en-ligne-elevez-votre-presence-digitale","status":"publish","type":"page","link":"https:\/\/virtualeyes.re\/?page_id=260","title":{"rendered":"Marketing en ligne : \u00c9levez votre pr\u00e9sence digitale"},"content":{"rendered":"\n<div class=\"row\"  id=\"row-1341919418\">\n\n\n\t<div id=\"col-1034897735\" class=\"col medium-6 small-12 large-6\"  >\n\t\t\t\t<div class=\"col-inner\"  >\n\t\t\t\n\t\t\t\n\n<h1><strong>Pourquoi le marketing en ligne est-il essentiel ?<\/strong><\/h1>\n<p>Dans l&rsquo;\u00e8re num\u00e9rique actuelle, avoir une pr\u00e9sence en ligne solide n&rsquo;est plus un luxe\u2014c&rsquo;est une n\u00e9cessit\u00e9. Le marketing en ligne permet \u00e0 votre marque de se connecter avec un public mondial, favorisant ainsi la croissance et augmentant les revenus.<\/p>\n<p>Avec une strat\u00e9gie bien con\u00e7ue, vous pouvez :<\/p>\n<ul>\n<li><strong>Accro\u00eetre votre visibilit\u00e9 mondiale<\/strong><\/li>\n<li><strong>Attirer de nouveaux clients<\/strong><\/li>\n<li><strong>Cr\u00e9er des relations durables<\/strong> avec votre audience<\/li>\n<\/ul>\n<h3><strong>Notre expertise en marketing en ligne<\/strong><\/h3>\n<p>Chez VirtualEyes, nous sommes sp\u00e9cialis\u00e9s dans la cr\u00e9ation de strat\u00e9gies de marketing en ligne compl\u00e8tes qui s&rsquo;alignent sur vos objectifs commerciaux.<\/p>\n<h4><strong>Strat\u00e9gies sur mesure pour des r\u00e9sultats personnalis\u00e9s<\/strong><\/h4>\n<p>Chaque entreprise est unique, et votre strat\u00e9gie marketing doit l&rsquo;\u00eatre aussi. Nous analysons votre march\u00e9, comprenons votre public et \u00e9laborons un plan personnalis\u00e9 qui s&rsquo;adresse directement \u00e0 vos clients potentiels. De l&rsquo;analyse de march\u00e9 \u00e0 la segmentation de l&rsquo;audience, nous cr\u00e9ons une feuille de route sur mesure pour atteindre vos objectifs.<\/p>\n<h4><strong>Optimisation pour les moteurs de recherche (SEO)<\/strong><\/h4>\n<p>Le SEO est au c\u0153ur d&rsquo;un marketing en ligne efficace. Nous optimisons votre site web et votre contenu pour obtenir un meilleur classement dans les r\u00e9sultats des moteurs de recherche. Gr\u00e2ce \u00e0 une recherche approfondie de mots-cl\u00e9s, une optimisation on-page rigoureuse, et l&rsquo;acquisition de backlinks de qualit\u00e9, nous nous assurons que votre site non seulement se classe, mais aussi convertit.<\/p>\n<h4><strong>Marketing de contenu : Cr\u00e9er un contenu qui convertit<\/strong><\/h4>\n<p>Le contenu est roi, et nous savons cr\u00e9er du contenu qui r\u00e8gne en ma\u00eetre. Que ce soit \u00e0 travers des articles de blog informatifs, des infographies engageantes, ou des livres blancs approfondis, nous produisons du contenu qui non seulement r\u00e9sonne avec votre audience, mais soutient \u00e9galement vos objectifs marketing globaux.<\/p>\n<h4><strong>Marketing sur les r\u00e9seaux sociaux : Engagez votre audience<\/strong><\/h4>\n<p>Les r\u00e9seaux sociaux sont un terrain fertile pour interagir avec votre audience. Nos services de marketing sur les r\u00e9seaux sociaux garantissent que la voix de votre marque soit coh\u00e9rente et percutante.<\/p>\n<p>Nos solutions incluent :<\/p>\n<ul>\n<li><strong>Cr\u00e9ation de contenu original<\/strong> adapt\u00e9 \u00e0 chaque plateforme<\/li>\n<li><strong>Gestion de campagnes publicitaires<\/strong> sur les r\u00e9seaux sociaux<\/li>\n<li><strong>\u00c9coute sociale active<\/strong> pour suivre les tendances et les conversations autour de votre marque<\/li>\n<\/ul>\n<h4><strong>Publicit\u00e9 payante (PPC) : Pour des r\u00e9sultats imm\u00e9diats<\/strong><\/h4>\n<p>Pour des r\u00e9sultats imm\u00e9diats, la publicit\u00e9 PPC est un \u00e9l\u00e9ment essentiel de votre strat\u00e9gie de marketing en ligne. Nous g\u00e9rons vos campagnes PPC sur des plateformes comme Google Ads et les r\u00e9seaux sociaux, assurant un ciblage pr\u00e9cis et une optimisation budg\u00e9taire qui maximisent votre retour sur investissement (ROI).<\/p>\n<h3><strong>Pourquoi choisir VirtualEyes ?<\/strong><\/h3>\n<p>Chez VirtualEyes, nous ne suivons pas les tendances ; nous les cr\u00e9ons. Notre approche holistique du marketing en ligne garantit que chaque aspect de votre pr\u00e9sence digitale fonctionne de mani\u00e8re harmonieuse pour atteindre vos objectifs commerciaux.<\/p>\n<p>Avec une approche sur mesure, une expertise \u00e9prouv\u00e9e et un engagement \u00e0 fournir des r\u00e9sultats concrets, nous sommes vos partenaires de croissance dans le monde digital.<\/p>\n<h3><strong>Contactez-nous<\/strong><\/h3>\n<p>Pr\u00eat \u00e0 faire passer votre marketing en ligne au niveau sup\u00e9rieur ? Discutons de la mani\u00e8re dont nous pouvons aider votre marque \u00e0 r\u00e9ussir dans le monde num\u00e9rique. <a href=\"#\" rel=\"noreferrer\">Contactez-nous<\/a> d\u00e8s aujourd&rsquo;hui pour commencer votre parcours avec VirtualEyes.<\/p>\n\n\t\t<\/div>\n\t\t\t\t\t<\/div>\n\n\t\n\n\t<div id=\"col-1476652090\" class=\"col medium-6 small-12 large-6\"  >\n\t\t\t\t<div class=\"col-inner\"  >\n\t\t\t\n\t\t\t\n\n\n\t\t<\/div>\n\t\t\t\t\t<\/div>\n\n\t\n\n<\/div>\n\n","protected":false},"excerpt":{"rendered":"","protected":false},"author":1,"featured_media":0,"parent":0,"menu_order":0,"comment_status":"closed","ping_status":"closed","template":"","meta":{"_monsterinsights_skip_tracking":false,"_monsterinsights_sitenote_active":false,"_monsterinsights_sitenote_note":"","_monsterinsights_sitenote_category":0,"footnotes":""},"class_list":["post-260","page","type-page","status-publish","hentry"],"yoast_head":"<!-- This site is optimized with the Yoast SEO plugin v27.5 - https:\/\/yoast.com\/product\/yoast-seo-wordpress\/ -->\n<title>Marketing en ligne : \u00c9levez votre pr\u00e9sence digitale - VirtualEyes<\/title>\n<meta name=\"robots\" content=\"index, follow, max-snippet:-1, max-image-preview:large, max-video-preview:-1\" \/>\n<link rel=\"canonical\" href=\"https:\/\/virtualeyes.re\/marketing-en-ligne-elevez-votre-presence-digitale\/\" \/>\n<meta property=\"og:locale\" content=\"fr_FR\" \/>\n<meta property=\"og:type\" content=\"article\" \/>\n<meta property=\"og:title\" content=\"Marketing en ligne : \u00c9levez votre pr\u00e9sence digitale - VirtualEyes\" \/>\n<meta property=\"og:url\" content=\"https:\/\/virtualeyes.re\/marketing-en-ligne-elevez-votre-presence-digitale\/\" \/>\n<meta property=\"og:site_name\" content=\"VirtualEyes\" \/>\n<meta property=\"article:modified_time\" content=\"2024-08-13T22:39:23+00:00\" \/>\n<meta name=\"twitter:card\" content=\"summary_large_image\" \/>\n<script type=\"application\/ld+json\" class=\"yoast-schema-graph\">{\"@context\":\"https:\\\/\\\/schema.org\",\"@graph\":[{\"@type\":\"WebPage\",\"@id\":\"https:\\\/\\\/virtualeyes.re\\\/marketing-en-ligne-elevez-votre-presence-digitale\\\/\",\"url\":\"https:\\\/\\\/virtualeyes.re\\\/marketing-en-ligne-elevez-votre-presence-digitale\\\/\",\"name\":\"Marketing en ligne : \u00c9levez votre pr\u00e9sence digitale - VirtualEyes\",\"isPartOf\":{\"@id\":\"https:\\\/\\\/virtualeyes.re\\\/#website\"},\"datePublished\":\"2024-08-13T22:33:47+00:00\",\"dateModified\":\"2024-08-13T22:39:23+00:00\",\"breadcrumb\":{\"@id\":\"https:\\\/\\\/virtualeyes.re\\\/marketing-en-ligne-elevez-votre-presence-digitale\\\/#breadcrumb\"},\"inLanguage\":\"fr-FR\",\"potentialAction\":[{\"@type\":\"ReadAction\",\"target\":[\"https:\\\/\\\/virtualeyes.re\\\/marketing-en-ligne-elevez-votre-presence-digitale\\\/\"]}]},{\"@type\":\"BreadcrumbList\",\"@id\":\"https:\\\/\\\/virtualeyes.re\\\/marketing-en-ligne-elevez-votre-presence-digitale\\\/#breadcrumb\",\"itemListElement\":[{\"@type\":\"ListItem\",\"position\":1,\"name\":\"Accueil\",\"item\":\"https:\\\/\\\/virtualeyes.re\\\/\"},{\"@type\":\"ListItem\",\"position\":2,\"name\":\"Marketing en ligne : \u00c9levez votre pr\u00e9sence digitale\"}]},{\"@type\":\"WebSite\",\"@id\":\"https:\\\/\\\/virtualeyes.re\\\/#website\",\"url\":\"https:\\\/\\\/virtualeyes.re\\\/\",\"name\":\"VirtualEyes\",\"description\":\"Cr\u00e9ation de Site Internet, Design, Image de marque et Marketing \u00e0 la R\u00e9union\",\"potentialAction\":[{\"@type\":\"SearchAction\",\"target\":{\"@type\":\"EntryPoint\",\"urlTemplate\":\"https:\\\/\\\/virtualeyes.re\\\/?s={search_term_string}\"},\"query-input\":{\"@type\":\"PropertyValueSpecification\",\"valueRequired\":true,\"valueName\":\"search_term_string\"}}],\"inLanguage\":\"fr-FR\"}]}<\/script>\n<!-- \/ Yoast SEO plugin. -->","yoast_head_json":{"title":"Marketing en ligne : \u00c9levez votre pr\u00e9sence digitale - VirtualEyes","robots":{"index":"index","follow":"follow","max-snippet":"max-snippet:-1","max-image-preview":"max-image-preview:large","max-video-preview":"max-video-preview:-1"},"canonical":"https:\/\/virtualeyes.re\/marketing-en-ligne-elevez-votre-presence-digitale\/","og_locale":"fr_FR","og_type":"article","og_title":"Marketing en ligne : \u00c9levez votre pr\u00e9sence digitale - VirtualEyes","og_url":"https:\/\/virtualeyes.re\/marketing-en-ligne-elevez-votre-presence-digitale\/","og_site_name":"VirtualEyes","article_modified_time":"2024-08-13T22:39:23+00:00","twitter_card":"summary_large_image","schema":{"@context":"https:\/\/schema.org","@graph":[{"@type":"WebPage","@id":"https:\/\/virtualeyes.re\/marketing-en-ligne-elevez-votre-presence-digitale\/","url":"https:\/\/virtualeyes.re\/marketing-en-ligne-elevez-votre-presence-digitale\/","name":"Marketing en ligne : \u00c9levez votre pr\u00e9sence digitale - VirtualEyes","isPartOf":{"@id":"https:\/\/virtualeyes.re\/#website"},"datePublished":"2024-08-13T22:33:47+00:00","dateModified":"2024-08-13T22:39:23+00:00","breadcrumb":{"@id":"https:\/\/virtualeyes.re\/marketing-en-ligne-elevez-votre-presence-digitale\/#breadcrumb"},"inLanguage":"fr-FR","potentialAction":[{"@type":"ReadAction","target":["https:\/\/virtualeyes.re\/marketing-en-ligne-elevez-votre-presence-digitale\/"]}]},{"@type":"BreadcrumbList","@id":"https:\/\/virtualeyes.re\/marketing-en-ligne-elevez-votre-presence-digitale\/#breadcrumb","itemListElement":[{"@type":"ListItem","position":1,"name":"Accueil","item":"https:\/\/virtualeyes.re\/"},{"@type":"ListItem","position":2,"name":"Marketing en ligne : \u00c9levez votre pr\u00e9sence digitale"}]},{"@type":"WebSite","@id":"https:\/\/virtualeyes.re\/#website","url":"https:\/\/virtualeyes.re\/","name":"VirtualEyes","description":"Cr\u00e9ation de Site Internet, Design, Image de marque et Marketing \u00e0 la R\u00e9union","potentialAction":[{"@type":"SearchAction","target":{"@type":"EntryPoint","urlTemplate":"https:\/\/virtualeyes.re\/?s={search_term_string}"},"query-input":{"@type":"PropertyValueSpecification","valueRequired":true,"valueName":"search_term_string"}}],"inLanguage":"fr-FR"}]}},"_links":{"self":[{"href":"https:\/\/virtualeyes.re\/index.php?rest_route=\/wp\/v2\/pages\/260","targetHints":{"allow":["GET"]}}],"collection":[{"href":"https:\/\/virtualeyes.re\/index.php?rest_route=\/wp\/v2\/pages"}],"about":[{"href":"https:\/\/virtualeyes.re\/index.php?rest_route=\/wp\/v2\/types\/page"}],"author":[{"embeddable":true,"href":"https:\/\/virtualeyes.re\/index.php?rest_route=\/wp\/v2\/users\/1"}],"replies":[{"embeddable":true,"href":"https:\/\/virtualeyes.re\/index.php?rest_route=%2Fwp%2Fv2%2Fcomments&post=260"}],"version-history":[{"count":4,"href":"https:\/\/virtualeyes.re\/index.php?rest_route=\/wp\/v2\/pages\/260\/revisions"}],"predecessor-version":[{"id":264,"href":"https:\/\/virtualeyes.re\/index.php?rest_route=\/wp\/v2\/pages\/260\/revisions\/264"}],"wp:attachment":[{"href":"https:\/\/virtualeyes.re\/index.php?rest_route=%2Fwp%2Fv2%2Fmedia&parent=260"}],"curies":[{"name":"wp","href":"https:\/\/api.w.org\/{rel}","templated":true}]}}