{"id":221,"date":"2024-04-22T13:51:26","date_gmt":"2024-04-22T11:51:26","guid":{"rendered":"https:\/\/virtualeyes.re\/?page_id=221"},"modified":"2024-04-22T13:52:31","modified_gmt":"2024-04-22T11:52:31","slug":"blog","status":"publish","type":"page","link":"https:\/\/virtualeyes.re\/?page_id=221","title":{"rendered":"Blog"},"content":{"rendered":"\n<div class=\"row\"  id=\"row-1064337410\">\n\n\n\t<div id=\"col-426841404\" class=\"col small-12 large-12\"  >\n\t\t\t\t<div class=\"col-inner\"  >\n\t\t\t\n\t\t\t\n\n\n  \n    <div class=\"row large-columns-3 medium-columns-1 small-columns-1 slider row-slider slider-nav-reveal slider-nav-push\"  data-flickity-options='{\"imagesLoaded\": true, \"groupCells\": \"100%\", \"dragThreshold\" : 5, \"cellAlign\": \"left\",\"wrapAround\": true,\"prevNextButtons\": true,\"percentPosition\": true,\"pageDots\": false, \"rightToLeft\": false, \"autoPlay\" : false}'>\n\n  <div class=\"col post-item\" >\n\t\t\t<div class=\"col-inner\">\n\t\t\t<a href=\"https:\/\/virtualeyes.re\/?p=226\" class=\"plain\">\n\t\t\t\t<div class=\"box box-normal box-text-bottom box-blog-post has-hover\">\n            \t\t\t\t\t<div class=\"box-image\" >\n  \t\t\t\t\t\t<div class=\"image-cover\" style=\"padding-top:56.25%;\">\n  \t\t\t\t\t\t\t<img loading=\"lazy\" decoding=\"async\" width=\"300\" height=\"157\" src=\"https:\/\/virtualeyes.re\/wp-content\/uploads\/2024\/04\/site-lent-300x157.jpg\" class=\"attachment-medium size-medium wp-post-image\" alt=\"\" srcset=\"https:\/\/virtualeyes.re\/wp-content\/uploads\/2024\/04\/site-lent-300x157.jpg 300w, https:\/\/virtualeyes.re\/wp-content\/uploads\/2024\/04\/site-lent-1024x534.jpg 1024w, https:\/\/virtualeyes.re\/wp-content\/uploads\/2024\/04\/site-lent-768x401.jpg 768w, https:\/\/virtualeyes.re\/wp-content\/uploads\/2024\/04\/site-lent.jpg 1200w\" sizes=\"auto, (max-width: 300px) 100vw, 300px\" \/>  \t\t\t\t\t\t\t  \t\t\t\t\t\t\t  \t\t\t\t\t\t<\/div>\n  \t\t\t\t\t\t  \t\t\t\t\t<\/div>\n          \t\t\t\t\t<div class=\"box-text text-center\" >\n\t\t\t\t\t<div class=\"box-text-inner blog-post-inner\">\n\n\t\t\t\t\t\n\t\t\t\t\t\t\t\t\t\t<h5 class=\"post-title is-large \">Comment acc\u00e9l\u00e9rer votre site web avec Virtualeyes<\/h5>\n\t\t\t\t\t\t\t\t\t\t<div class=\"is-divider\"><\/div>\n\t\t\t\t\t\t\t\t\t\t<p class=\"from_the_blog_excerpt \"> [...]\t\t\t\t\t<\/p>\n\t\t\t\t\t                    \n\t\t\t\t\t\n\t\t\t\t\t\n\t\t\t\t\t<\/div>\n\t\t\t\t\t<\/div>\n\t\t\t\t\t\t\t\t\t\t\t\t\t\t\t\t<div class=\"badge absolute top post-date badge-circle\">\n\t\t\t\t\t\t\t<div class=\"badge-inner\">\n\t\t\t\t\t\t\t\t<span class=\"post-date-day\">22<\/span><br>\n\t\t\t\t\t\t\t\t<span class=\"post-date-month is-xsmall\">Avr<\/span>\n\t\t\t\t\t\t\t<\/div>\n\t\t\t\t\t\t<\/div>\n\t\t\t\t\t\t\t\t\t<\/div>\n\t\t\t\t<\/a>\n\t\t\t<\/div>\n\t\t<\/div><div class=\"col post-item\" >\n\t\t\t<div class=\"col-inner\">\n\t\t\t<a href=\"https:\/\/virtualeyes.re\/?p=215\" class=\"plain\">\n\t\t\t\t<div class=\"box box-normal box-text-bottom box-blog-post has-hover\">\n            \t\t\t\t\t<div class=\"box-image\" >\n  \t\t\t\t\t\t<div class=\"image-cover\" style=\"padding-top:56.25%;\">\n  \t\t\t\t\t\t\t<img loading=\"lazy\" decoding=\"async\" width=\"300\" height=\"169\" src=\"https:\/\/virtualeyes.re\/wp-content\/uploads\/2024\/04\/web-design-image-300x169.jpg\" class=\"attachment-medium size-medium wp-post-image\" alt=\"\" srcset=\"https:\/\/virtualeyes.re\/wp-content\/uploads\/2024\/04\/web-design-image-300x169.jpg 300w, https:\/\/virtualeyes.re\/wp-content\/uploads\/2024\/04\/web-design-image-1024x577.jpg 1024w, https:\/\/virtualeyes.re\/wp-content\/uploads\/2024\/04\/web-design-image-768x432.jpg 768w, https:\/\/virtualeyes.re\/wp-content\/uploads\/2024\/04\/web-design-image-1536x865.jpg 1536w, https:\/\/virtualeyes.re\/wp-content\/uploads\/2024\/04\/web-design-image.jpg 1600w\" sizes=\"auto, (max-width: 300px) 100vw, 300px\" \/>  \t\t\t\t\t\t\t  \t\t\t\t\t\t\t  \t\t\t\t\t\t<\/div>\n  \t\t\t\t\t\t  \t\t\t\t\t<\/div>\n          \t\t\t\t\t<div class=\"box-text text-center\" >\n\t\t\t\t\t<div class=\"box-text-inner blog-post-inner\">\n\n\t\t\t\t\t\n\t\t\t\t\t\t\t\t\t\t<h5 class=\"post-title is-large \">Donnez un nouveau souffle \u00e0 votre site web avec Virtualeyes<\/h5>\n\t\t\t\t\t\t\t\t\t\t<div class=\"is-divider\"><\/div>\n\t\t\t\t\t\t\t\t\t\t<p class=\"from_the_blog_excerpt \"> [...]\t\t\t\t\t<\/p>\n\t\t\t\t\t                    \n\t\t\t\t\t\n\t\t\t\t\t\n\t\t\t\t\t<\/div>\n\t\t\t\t\t<\/div>\n\t\t\t\t\t\t\t\t\t\t\t\t\t\t\t\t<div class=\"badge absolute top post-date badge-circle\">\n\t\t\t\t\t\t\t<div class=\"badge-inner\">\n\t\t\t\t\t\t\t\t<span class=\"post-date-day\">22<\/span><br>\n\t\t\t\t\t\t\t\t<span class=\"post-date-month is-xsmall\">Avr<\/span>\n\t\t\t\t\t\t\t<\/div>\n\t\t\t\t\t\t<\/div>\n\t\t\t\t\t\t\t\t\t<\/div>\n\t\t\t\t<\/a>\n\t\t\t<\/div>\n\t\t<\/div><div class=\"col post-item\" >\n\t\t\t<div class=\"col-inner\">\n\t\t\t<a href=\"https:\/\/virtualeyes.re\/?p=212\" class=\"plain\">\n\t\t\t\t<div class=\"box box-normal box-text-bottom box-blog-post has-hover\">\n            \t\t\t\t\t<div class=\"box-image\" >\n  \t\t\t\t\t\t<div class=\"image-cover\" style=\"padding-top:56.25%;\">\n  \t\t\t\t\t\t\t<img loading=\"lazy\" decoding=\"async\" width=\"300\" height=\"171\" src=\"https:\/\/virtualeyes.re\/wp-content\/uploads\/2024\/04\/web-hosting-trends-300x171.webp\" class=\"attachment-medium size-medium wp-post-image\" alt=\"\" srcset=\"https:\/\/virtualeyes.re\/wp-content\/uploads\/2024\/04\/web-hosting-trends-300x171.webp 300w, https:\/\/virtualeyes.re\/wp-content\/uploads\/2024\/04\/web-hosting-trends-1024x585.webp 1024w, https:\/\/virtualeyes.re\/wp-content\/uploads\/2024\/04\/web-hosting-trends-768x439.webp 768w, https:\/\/virtualeyes.re\/wp-content\/uploads\/2024\/04\/web-hosting-trends-1536x878.webp 1536w, https:\/\/virtualeyes.re\/wp-content\/uploads\/2024\/04\/web-hosting-trends.webp 1792w\" sizes=\"auto, (max-width: 300px) 100vw, 300px\" \/>  \t\t\t\t\t\t\t  \t\t\t\t\t\t\t  \t\t\t\t\t\t<\/div>\n  \t\t\t\t\t\t  \t\t\t\t\t<\/div>\n          \t\t\t\t\t<div class=\"box-text text-center\" >\n\t\t\t\t\t<div class=\"box-text-inner blog-post-inner\">\n\n\t\t\t\t\t\n\t\t\t\t\t\t\t\t\t\t<h5 class=\"post-title is-large \">Les avantages d&rsquo;un bon h\u00e9bergement web avec Virtualeyes : optimisez l&rsquo;exp\u00e9rience de vos visiteurs<\/h5>\n\t\t\t\t\t\t\t\t\t\t<div class=\"is-divider\"><\/div>\n\t\t\t\t\t\t\t\t\t\t<p class=\"from_the_blog_excerpt \"> [...]\t\t\t\t\t<\/p>\n\t\t\t\t\t                    \n\t\t\t\t\t\n\t\t\t\t\t\n\t\t\t\t\t<\/div>\n\t\t\t\t\t<\/div>\n\t\t\t\t\t\t\t\t\t\t\t\t\t\t\t\t<div class=\"badge absolute top post-date badge-circle\">\n\t\t\t\t\t\t\t<div class=\"badge-inner\">\n\t\t\t\t\t\t\t\t<span class=\"post-date-day\">22<\/span><br>\n\t\t\t\t\t\t\t\t<span class=\"post-date-month is-xsmall\">Avr<\/span>\n\t\t\t\t\t\t\t<\/div>\n\t\t\t\t\t\t<\/div>\n\t\t\t\t\t\t\t\t\t<\/div>\n\t\t\t\t<\/a>\n\t\t\t<\/div>\n\t\t<\/div><\/div>\n\n\n\t\t<\/div>\n\t\t\t\t\t<\/div>\n\n\t\n\n<\/div>\n\n","protected":false},"excerpt":{"rendered":"","protected":false},"author":1,"featured_media":0,"parent":0,"menu_order":0,"comment_status":"closed","ping_status":"closed","template":"","meta":{"_monsterinsights_skip_tracking":false,"_monsterinsights_sitenote_active":false,"_monsterinsights_sitenote_note":"","_monsterinsights_sitenote_category":0,"footnotes":""},"class_list":["post-221","page","type-page","status-publish","hentry"],"yoast_head":"<!-- This site is optimized with the Yoast SEO plugin v27.5 - https:\/\/yoast.com\/product\/yoast-seo-wordpress\/ -->\n<title>Blog - VirtualEyes<\/title>\n<meta name=\"robots\" content=\"index, follow, max-snippet:-1, max-image-preview:large, max-video-preview:-1\" \/>\n<link rel=\"canonical\" href=\"https:\/\/virtualeyes.re\/blog\/\" \/>\n<meta property=\"og:locale\" content=\"fr_FR\" \/>\n<meta property=\"og:type\" content=\"article\" \/>\n<meta property=\"og:title\" content=\"Blog - VirtualEyes\" \/>\n<meta property=\"og:url\" content=\"https:\/\/virtualeyes.re\/blog\/\" \/>\n<meta property=\"og:site_name\" content=\"VirtualEyes\" \/>\n<meta property=\"article:modified_time\" content=\"2024-04-22T11:52:31+00:00\" \/>\n<meta name=\"twitter:card\" content=\"summary_large_image\" \/>\n<script type=\"application\/ld+json\" class=\"yoast-schema-graph\">{\"@context\":\"https:\\\/\\\/schema.org\",\"@graph\":[{\"@type\":\"WebPage\",\"@id\":\"https:\\\/\\\/virtualeyes.re\\\/blog\\\/\",\"url\":\"https:\\\/\\\/virtualeyes.re\\\/blog\\\/\",\"name\":\"Blog - VirtualEyes\",\"isPartOf\":{\"@id\":\"https:\\\/\\\/virtualeyes.re\\\/#website\"},\"datePublished\":\"2024-04-22T11:51:26+00:00\",\"dateModified\":\"2024-04-22T11:52:31+00:00\",\"breadcrumb\":{\"@id\":\"https:\\\/\\\/virtualeyes.re\\\/blog\\\/#breadcrumb\"},\"inLanguage\":\"fr-FR\",\"potentialAction\":[{\"@type\":\"ReadAction\",\"target\":[\"https:\\\/\\\/virtualeyes.re\\\/blog\\\/\"]}]},{\"@type\":\"BreadcrumbList\",\"@id\":\"https:\\\/\\\/virtualeyes.re\\\/blog\\\/#breadcrumb\",\"itemListElement\":[{\"@type\":\"ListItem\",\"position\":1,\"name\":\"Accueil\",\"item\":\"https:\\\/\\\/virtualeyes.re\\\/\"},{\"@type\":\"ListItem\",\"position\":2,\"name\":\"Blog\"}]},{\"@type\":\"WebSite\",\"@id\":\"https:\\\/\\\/virtualeyes.re\\\/#website\",\"url\":\"https:\\\/\\\/virtualeyes.re\\\/\",\"name\":\"VirtualEyes\",\"description\":\"Cr\u00e9ation de Site Internet, Design, Image de marque et Marketing \u00e0 la R\u00e9union\",\"potentialAction\":[{\"@type\":\"SearchAction\",\"target\":{\"@type\":\"EntryPoint\",\"urlTemplate\":\"https:\\\/\\\/virtualeyes.re\\\/?s={search_term_string}\"},\"query-input\":{\"@type\":\"PropertyValueSpecification\",\"valueRequired\":true,\"valueName\":\"search_term_string\"}}],\"inLanguage\":\"fr-FR\"}]}<\/script>\n<!-- \/ Yoast SEO plugin. -->","yoast_head_json":{"title":"Blog - VirtualEyes","robots":{"index":"index","follow":"follow","max-snippet":"max-snippet:-1","max-image-preview":"max-image-preview:large","max-video-preview":"max-video-preview:-1"},"canonical":"https:\/\/virtualeyes.re\/blog\/","og_locale":"fr_FR","og_type":"article","og_title":"Blog - VirtualEyes","og_url":"https:\/\/virtualeyes.re\/blog\/","og_site_name":"VirtualEyes","article_modified_time":"2024-04-22T11:52:31+00:00","twitter_card":"summary_large_image","schema":{"@context":"https:\/\/schema.org","@graph":[{"@type":"WebPage","@id":"https:\/\/virtualeyes.re\/blog\/","url":"https:\/\/virtualeyes.re\/blog\/","name":"Blog - VirtualEyes","isPartOf":{"@id":"https:\/\/virtualeyes.re\/#website"},"datePublished":"2024-04-22T11:51:26+00:00","dateModified":"2024-04-22T11:52:31+00:00","breadcrumb":{"@id":"https:\/\/virtualeyes.re\/blog\/#breadcrumb"},"inLanguage":"fr-FR","potentialAction":[{"@type":"ReadAction","target":["https:\/\/virtualeyes.re\/blog\/"]}]},{"@type":"BreadcrumbList","@id":"https:\/\/virtualeyes.re\/blog\/#breadcrumb","itemListElement":[{"@type":"ListItem","position":1,"name":"Accueil","item":"https:\/\/virtualeyes.re\/"},{"@type":"ListItem","position":2,"name":"Blog"}]},{"@type":"WebSite","@id":"https:\/\/virtualeyes.re\/#website","url":"https:\/\/virtualeyes.re\/","name":"VirtualEyes","description":"Cr\u00e9ation de Site Internet, Design, Image de marque et Marketing \u00e0 la R\u00e9union","potentialAction":[{"@type":"SearchAction","target":{"@type":"EntryPoint","urlTemplate":"https:\/\/virtualeyes.re\/?s={search_term_string}"},"query-input":{"@type":"PropertyValueSpecification","valueRequired":true,"valueName":"search_term_string"}}],"inLanguage":"fr-FR"}]}},"_links":{"self":[{"href":"https:\/\/virtualeyes.re\/index.php?rest_route=\/wp\/v2\/pages\/221","targetHints":{"allow":["GET"]}}],"collection":[{"href":"https:\/\/virtualeyes.re\/index.php?rest_route=\/wp\/v2\/pages"}],"about":[{"href":"https:\/\/virtualeyes.re\/index.php?rest_route=\/wp\/v2\/types\/page"}],"author":[{"embeddable":true,"href":"https:\/\/virtualeyes.re\/index.php?rest_route=\/wp\/v2\/users\/1"}],"replies":[{"embeddable":true,"href":"https:\/\/virtualeyes.re\/index.php?rest_route=%2Fwp%2Fv2%2Fcomments&post=221"}],"version-history":[{"count":2,"href":"https:\/\/virtualeyes.re\/index.php?rest_route=\/wp\/v2\/pages\/221\/revisions"}],"predecessor-version":[{"id":223,"href":"https:\/\/virtualeyes.re\/index.php?rest_route=\/wp\/v2\/pages\/221\/revisions\/223"}],"wp:attachment":[{"href":"https:\/\/virtualeyes.re\/index.php?rest_route=%2Fwp%2Fv2%2Fmedia&parent=221"}],"curies":[{"name":"wp","href":"https:\/\/api.w.org\/{rel}","templated":true}]}}