{"id":163,"date":"2024-04-22T00:19:44","date_gmt":"2024-04-21T22:19:44","guid":{"rendered":"https:\/\/virtualeyes.re\/?page_id=163"},"modified":"2024-08-15T20:56:36","modified_gmt":"2024-08-15T18:56:36","slug":"developpement-web-pour-les-societes","status":"publish","type":"page","link":"https:\/\/virtualeyes.re\/?page_id=163","title":{"rendered":"D\u00e9veloppement Web pour les soci\u00e9t\u00e9s"},"content":{"rendered":"\n<div class=\"row\"  id=\"row-785683705\">\n\n\n\t<div id=\"col-1436182016\" class=\"col small-12 large-12\"  >\n\t\t\t\t<div class=\"col-inner\"  >\n\t\t\t\n\t\t\t\n\n<h1>D\u00e9veloppement Web pour les soci\u00e9t\u00e9s<\/h1>\n\n\t\t<\/div>\n\t\t\t\t\t<\/div>\n\n\t\n\n\t<div id=\"col-429526130\" class=\"col medium-6 small-12 large-6\"  >\n\t\t\t\t<div class=\"col-inner\"  >\n\t\t\t\n\t\t\t\n\n<h2>Solutions Compl\u00e8tes de D\u00e9veloppement Web pour Acc\u00e9l\u00e9rer Votre Succ\u00e8s Num\u00e9rique<\/h2>\n<p>Chez VirtualEyes, nous transformons votre vision num\u00e9rique en r\u00e9alit\u00e9 avec des solutions de d\u00e9veloppement web taill\u00e9es sur mesure pour r\u00e9pondre \u00e0 vos besoins sp\u00e9cifiques.<\/p>\n<h3>Sites Web Responsives<\/h3>\n<p>Nous concevons des sites web qui s&rsquo;adaptent automatiquement \u00e0 la taille de l&rsquo;\u00e9cran de l&rsquo;appareil utilis\u00e9, que ce soit un ordinateur de bureau, une tablette ou un smartphone. Cette approche assure une exp\u00e9rience utilisateur coh\u00e9rente et satisfaisante, augmentant l&rsquo;engagement et r\u00e9duisant le taux de rebond.<\/p>\n<h3>e-Commerce<\/h3>\n<p>Nos solutions e-commerce sont con\u00e7ues pour transformer votre site en une puissante plateforme de vente, int\u00e9grant des fonctionnalit\u00e9s telles que la gestion de l&rsquo;inventaire, des syst\u00e8mes de panier d&rsquo;achat avanc\u00e9s, et des options de paiement s\u00e9curis\u00e9 qui facilitent une transaction sans friction pour l&rsquo;utilisateur final.<\/p>\n<h3>Portails Clients<\/h3>\n<p>Nous d\u00e9veloppons des portails clients personnalis\u00e9s qui permettent \u00e0 vos utilisateurs de g\u00e9rer leurs profils, suivre des commandes et interagir directement avec vos services. Ces plateformes am\u00e9liorent l&rsquo;exp\u00e9rience client et peuvent servir de centres de service int\u00e9gr\u00e9s pour renforcer la fid\u00e9lit\u00e9 et la satisfaction des clients.<\/p>\n<h3>Applications Web Progressives (PWA)<\/h3>\n<p>Les applications web progressives que nous d\u00e9veloppons offrent une exp\u00e9rience utilisateur similaire \u00e0 celle des applications natives. Elles sont accessibles hors ligne et extr\u00eamement rapides, ce qui en fait un choix excellent pour am\u00e9liorer l&rsquo;engagement client sur les plateformes mobiles.<\/p>\n<h3>Syst\u00e8mes de Gestion de Contenu (CMS)<\/h3>\n<p>Notre expertise dans le d\u00e9veloppement de syst\u00e8mes de gestion de contenu personnalis\u00e9s permet \u00e0 vos \u00e9quipes de mettre \u00e0 jour le contenu facilement, sans n\u00e9cessit\u00e9 d&rsquo;intervention technique profonde, assurant que votre site reste actuel et dynamique.<\/p>\n<h3>Int\u00e9grations API<\/h3>\n<p>Nous facilitons l&rsquo;int\u00e9gration de divers services tiers via des API, permettant \u00e0 votre site de fonctionner de mani\u00e8re plus fluide et int\u00e9gr\u00e9e avec des outils essentiels, des plateformes de r\u00e9seaux sociaux \u00e0 des solutions de paiement, am\u00e9liorant ainsi les fonctionnalit\u00e9s et l&rsquo;efficacit\u00e9 de votre site web.<\/p>\n<h3>Optimisation de la Vitesse de Chargement<\/h3>\n<p>La rapidit\u00e9 de votre site web est cruciale non seulement pour l&rsquo;exp\u00e9rience utilisateur mais aussi pour le SEO. Nous optimisons tous les aspects techniques, des images au code source, pour garantir que votre site charge rapidement, r\u00e9duisant ainsi le taux d&rsquo;abandon et augmentant votre visibilit\u00e9 sur les moteurs de recherche.<\/p>\n<h3>S\u00e9curit\u00e9 Web<\/h3>\n<p>La s\u00e9curit\u00e9 de votre site web est notre priorit\u00e9. Nous mettons en place des mesures de s\u00e9curit\u00e9 robustes pour prot\u00e9ger votre site contre les menaces en ligne, garantissant la s\u00e9curit\u00e9 des donn\u00e9es utilisateurs et la conformit\u00e9 avec les r\u00e9glementations en vigueur.<\/p>\n<h3>Web Analytics<\/h3>\n<p>Gr\u00e2ce \u00e0 l&rsquo;int\u00e9gration d&rsquo;outils d&rsquo;analyse web, nous vous fournissons des insights pr\u00e9cieux sur le comportement des visiteurs, vous permettant d&rsquo;ajuster vos strat\u00e9gies num\u00e9riques en fonction des donn\u00e9es r\u00e9elles pour optimiser l&rsquo;efficacit\u00e9 de votre site web.<\/p>\n<h3>Maintenance et Support<\/h3>\n<p>Notre engagement ne s&rsquo;arr\u00eate pas au lancement de votre site. Nous offrons une maintenance continue et un support pour assurer que votre site fonctionne sans probl\u00e8me, avec des mises \u00e0 jour r\u00e9guli\u00e8res et un support technique rapide en cas de besoin.<\/p>\n<hr \/>\n<h2>L&rsquo;Importance de l&rsquo;Optimisation du Code pour les Entreprises<\/h2>\n<p>Optimiser le code de votre site web est crucial pour plusieurs raisons. Tout d&rsquo;abord, un code bien optimis\u00e9 charge plus rapidement, ce qui am\u00e9liore significativement l&rsquo;exp\u00e9rience utilisateur. Les utilisateurs d&rsquo;aujourd&rsquo;hui s&rsquo;attendent \u00e0 des performances instantan\u00e9es, et un site lent peut entra\u00eener une perte de trafic et, par extension, de revenus.<\/p>\n<p>De plus, l&rsquo;optimisation du code affecte directement le r\u00e9f\u00e9rencement (SEO). Les moteurs de recherche favorisent les sites qui chargent rapidement et offrent une bonne exp\u00e9rience utilisateur. Un code propre et optimis\u00e9 est plus facilement indexable par les moteurs de recherche, ce qui am\u00e9liore le classement de votre site dans les r\u00e9sultats de recherche.<\/p>\n<p>En outre, un code optimis\u00e9 r\u00e9duit la probabilit\u00e9 d&rsquo;erreurs et de bugs, garantissant ainsi une stabilit\u00e9 et une s\u00e9curit\u00e9 accrues pour votre site web. Cela minimise les risques de downtime, prot\u00e8ge contre les attaques potentielles et garantit une bonne gestion des donn\u00e9es utilisateurs.<\/p>\n<p>Enfin, l&rsquo;optimisation du code peut r\u00e9duire les co\u00fbts de maintenance \u00e0 long terme. Un code propre et bien structur\u00e9 est plus facile \u00e0 mettre \u00e0 jour et \u00e0 maintenir, ce qui r\u00e9duit le besoin d&rsquo;interventions techniques co\u00fbteuses et fr\u00e9quentes.<\/p>\n<p>Chez VirtualEyes, nous comprenons l&rsquo;importance de l&rsquo;optimisation du code pour le succ\u00e8s de votre entreprise en ligne. Nous nous engageons \u00e0 fournir des solutions qui non seulement r\u00e9pondent \u00e0 vos besoins actuels mais qui sont \u00e9galement pr\u00eates pour l&rsquo;avenir de votre entreprise num\u00e9rique.<\/p>\n\n\t\t<\/div>\n\t\t\t\t\t<\/div>\n\n\t\n\n\t<div id=\"col-780061998\" class=\"col medium-6 small-12 large-6\"  >\n\t\t\t\t<div class=\"col-inner\"  >\n\t\t\t\n\t\t\t\n\n\t<div class=\"img has-hover x md-x lg-x y md-y lg-y\" id=\"image_1562253562\">\n\t\t\t\t\t\t\t\t<div class=\"img-inner dark\" >\n\t\t\t<img loading=\"lazy\" decoding=\"async\" width=\"1020\" height=\"486\" src=\"https:\/\/virtualeyes.re\/wp-content\/uploads\/2024\/04\/mobile-app-development-1024x488.jpg\" class=\"attachment-large size-large\" alt=\"\" srcset=\"https:\/\/virtualeyes.re\/wp-content\/uploads\/2024\/04\/mobile-app-development-1024x488.jpg 1024w, https:\/\/virtualeyes.re\/wp-content\/uploads\/2024\/04\/mobile-app-development-300x143.jpg 300w, https:\/\/virtualeyes.re\/wp-content\/uploads\/2024\/04\/mobile-app-development-768x366.jpg 768w, https:\/\/virtualeyes.re\/wp-content\/uploads\/2024\/04\/mobile-app-development-1536x732.jpg 1536w, https:\/\/virtualeyes.re\/wp-content\/uploads\/2024\/04\/mobile-app-development.jpg 1600w\" sizes=\"auto, (max-width: 1020px) 100vw, 1020px\" \/>\t\t\t\t\t\t\n\t\t\t\t\t<\/div>\n\t\t\t\t\t\t\t\t\n<style>\n#image_1562253562 {\n  width: 100%;\n}\n<\/style>\n\t<\/div>\n\t\n\n\t<div class=\"img has-hover x md-x lg-x y md-y lg-y\" id=\"image_1863572467\">\n\t\t\t\t\t\t\t\t<div class=\"img-inner dark\" >\n\t\t\t<img loading=\"lazy\" decoding=\"async\" width=\"1020\" height=\"590\" src=\"https:\/\/virtualeyes.re\/wp-content\/uploads\/2024\/04\/pequod-website-1024x592.jpg\" class=\"attachment-large size-large\" alt=\"\" srcset=\"https:\/\/virtualeyes.re\/wp-content\/uploads\/2024\/04\/pequod-website-1024x592.jpg 1024w, https:\/\/virtualeyes.re\/wp-content\/uploads\/2024\/04\/pequod-website-300x174.jpg 300w, https:\/\/virtualeyes.re\/wp-content\/uploads\/2024\/04\/pequod-website-768x444.jpg 768w, https:\/\/virtualeyes.re\/wp-content\/uploads\/2024\/04\/pequod-website-1536x888.jpg 1536w, https:\/\/virtualeyes.re\/wp-content\/uploads\/2024\/04\/pequod-website.jpg 1800w\" sizes=\"auto, (max-width: 1020px) 100vw, 1020px\" \/>\t\t\t\t\t\t\n\t\t\t\t\t<\/div>\n\t\t\t\t\t\t\t\t\n<style>\n#image_1863572467 {\n  width: 100%;\n}\n<\/style>\n\t<\/div>\n\t\n\n\t<div class=\"img has-hover x md-x lg-x y md-y lg-y\" id=\"image_1332801744\">\n\t\t\t\t\t\t\t\t<div class=\"img-inner dark\" >\n\t\t\t<img loading=\"lazy\" decoding=\"async\" width=\"1020\" height=\"486\" src=\"https:\/\/virtualeyes.re\/wp-content\/uploads\/2024\/04\/mobile-app-development-1024x488.jpg\" class=\"attachment-large size-large\" alt=\"\" srcset=\"https:\/\/virtualeyes.re\/wp-content\/uploads\/2024\/04\/mobile-app-development-1024x488.jpg 1024w, https:\/\/virtualeyes.re\/wp-content\/uploads\/2024\/04\/mobile-app-development-300x143.jpg 300w, https:\/\/virtualeyes.re\/wp-content\/uploads\/2024\/04\/mobile-app-development-768x366.jpg 768w, https:\/\/virtualeyes.re\/wp-content\/uploads\/2024\/04\/mobile-app-development-1536x732.jpg 1536w, https:\/\/virtualeyes.re\/wp-content\/uploads\/2024\/04\/mobile-app-development.jpg 1600w\" sizes=\"auto, (max-width: 1020px) 100vw, 1020px\" \/>\t\t\t\t\t\t\n\t\t\t\t\t<\/div>\n\t\t\t\t\t\t\t\t\n<style>\n#image_1332801744 {\n  width: 100%;\n}\n<\/style>\n\t<\/div>\n\t\n\n\t<div class=\"img has-hover x md-x lg-x y md-y lg-y\" id=\"image_227216168\">\n\t\t\t\t\t\t\t\t<div class=\"img-inner dark\" >\n\t\t\t<img loading=\"lazy\" decoding=\"async\" width=\"1020\" height=\"680\" src=\"https:\/\/virtualeyes.re\/wp-content\/uploads\/2024\/04\/website-design-1200x800-1-1024x683.jpg\" class=\"attachment-large size-large\" alt=\"\" srcset=\"https:\/\/virtualeyes.re\/wp-content\/uploads\/2024\/04\/website-design-1200x800-1-1024x683.jpg 1024w, https:\/\/virtualeyes.re\/wp-content\/uploads\/2024\/04\/website-design-1200x800-1-300x200.jpg 300w, https:\/\/virtualeyes.re\/wp-content\/uploads\/2024\/04\/website-design-1200x800-1-768x512.jpg 768w, https:\/\/virtualeyes.re\/wp-content\/uploads\/2024\/04\/website-design-1200x800-1.jpg 1200w\" sizes=\"auto, (max-width: 1020px) 100vw, 1020px\" \/>\t\t\t\t\t\t\n\t\t\t\t\t<\/div>\n\t\t\t\t\t\t\t\t\n<style>\n#image_227216168 {\n  width: 100%;\n}\n<\/style>\n\t<\/div>\n\t\n\n\n\t\t<\/div>\n\t\t\t\t\t<\/div>\n\n\t\n\n<\/div>\n\n","protected":false},"excerpt":{"rendered":"","protected":false},"author":1,"featured_media":0,"parent":0,"menu_order":0,"comment_status":"closed","ping_status":"closed","template":"","meta":{"_monsterinsights_skip_tracking":false,"_monsterinsights_sitenote_active":false,"_monsterinsights_sitenote_note":"","_monsterinsights_sitenote_category":0,"footnotes":""},"class_list":["post-163","page","type-page","status-publish","hentry"],"yoast_head":"<!-- This site is optimized with the Yoast SEO plugin v27.5 - https:\/\/yoast.com\/product\/yoast-seo-wordpress\/ -->\n<title>D\u00e9veloppement Web pour les soci\u00e9t\u00e9s - VirtualEyes<\/title>\n<meta name=\"description\" content=\"D\u00e9veloppement web pour les soci\u00e9t\u00e9s \u00e0 La R\u00e9union. VirtualEyes optimise votre pr\u00e9sence en ligne avec des solutions performantes et adapt\u00e9es.\" \/>\n<meta name=\"robots\" content=\"index, follow, max-snippet:-1, max-image-preview:large, max-video-preview:-1\" \/>\n<link rel=\"canonical\" href=\"https:\/\/virtualeyes.re\/developpement-web-pour-les-societes\/\" \/>\n<meta property=\"og:locale\" content=\"fr_FR\" \/>\n<meta property=\"og:type\" content=\"article\" \/>\n<meta property=\"og:title\" content=\"D\u00e9veloppement Web pour les soci\u00e9t\u00e9s - VirtualEyes\" \/>\n<meta property=\"og:description\" content=\"D\u00e9veloppement web pour les soci\u00e9t\u00e9s \u00e0 La R\u00e9union. VirtualEyes optimise votre pr\u00e9sence en ligne avec des solutions performantes et adapt\u00e9es.\" \/>\n<meta property=\"og:url\" content=\"https:\/\/virtualeyes.re\/developpement-web-pour-les-societes\/\" \/>\n<meta property=\"og:site_name\" content=\"VirtualEyes\" \/>\n<meta property=\"article:modified_time\" content=\"2024-08-15T18:56:36+00:00\" \/>\n<meta name=\"twitter:card\" content=\"summary_large_image\" \/>\n<meta name=\"twitter:label1\" content=\"Dur\u00e9e de lecture estim\u00e9e\" \/>\n\t<meta name=\"twitter:data1\" content=\"4 minutes\" \/>\n<script type=\"application\/ld+json\" class=\"yoast-schema-graph\">{\"@context\":\"https:\\\/\\\/schema.org\",\"@graph\":[{\"@type\":\"WebPage\",\"@id\":\"https:\\\/\\\/virtualeyes.re\\\/developpement-web-pour-les-societes\\\/\",\"url\":\"https:\\\/\\\/virtualeyes.re\\\/developpement-web-pour-les-societes\\\/\",\"name\":\"D\u00e9veloppement Web pour les soci\u00e9t\u00e9s - VirtualEyes\",\"isPartOf\":{\"@id\":\"https:\\\/\\\/virtualeyes.re\\\/#website\"},\"datePublished\":\"2024-04-21T22:19:44+00:00\",\"dateModified\":\"2024-08-15T18:56:36+00:00\",\"description\":\"D\u00e9veloppement web pour les soci\u00e9t\u00e9s \u00e0 La R\u00e9union. VirtualEyes optimise votre pr\u00e9sence en ligne avec des solutions performantes et adapt\u00e9es.\",\"breadcrumb\":{\"@id\":\"https:\\\/\\\/virtualeyes.re\\\/developpement-web-pour-les-societes\\\/#breadcrumb\"},\"inLanguage\":\"fr-FR\",\"potentialAction\":[{\"@type\":\"ReadAction\",\"target\":[\"https:\\\/\\\/virtualeyes.re\\\/developpement-web-pour-les-societes\\\/\"]}]},{\"@type\":\"BreadcrumbList\",\"@id\":\"https:\\\/\\\/virtualeyes.re\\\/developpement-web-pour-les-societes\\\/#breadcrumb\",\"itemListElement\":[{\"@type\":\"ListItem\",\"position\":1,\"name\":\"Accueil\",\"item\":\"https:\\\/\\\/virtualeyes.re\\\/\"},{\"@type\":\"ListItem\",\"position\":2,\"name\":\"D\u00e9veloppement Web pour les soci\u00e9t\u00e9s\"}]},{\"@type\":\"WebSite\",\"@id\":\"https:\\\/\\\/virtualeyes.re\\\/#website\",\"url\":\"https:\\\/\\\/virtualeyes.re\\\/\",\"name\":\"VirtualEyes\",\"description\":\"Cr\u00e9ation de Site Internet, Design, Image de marque et Marketing \u00e0 la R\u00e9union\",\"potentialAction\":[{\"@type\":\"SearchAction\",\"target\":{\"@type\":\"EntryPoint\",\"urlTemplate\":\"https:\\\/\\\/virtualeyes.re\\\/?s={search_term_string}\"},\"query-input\":{\"@type\":\"PropertyValueSpecification\",\"valueRequired\":true,\"valueName\":\"search_term_string\"}}],\"inLanguage\":\"fr-FR\"}]}<\/script>\n<!-- \/ Yoast SEO plugin. -->","yoast_head_json":{"title":"D\u00e9veloppement Web pour les soci\u00e9t\u00e9s - VirtualEyes","description":"D\u00e9veloppement web pour les soci\u00e9t\u00e9s \u00e0 La R\u00e9union. VirtualEyes optimise votre pr\u00e9sence en ligne avec des solutions performantes et adapt\u00e9es.","robots":{"index":"index","follow":"follow","max-snippet":"max-snippet:-1","max-image-preview":"max-image-preview:large","max-video-preview":"max-video-preview:-1"},"canonical":"https:\/\/virtualeyes.re\/developpement-web-pour-les-societes\/","og_locale":"fr_FR","og_type":"article","og_title":"D\u00e9veloppement Web pour les soci\u00e9t\u00e9s - VirtualEyes","og_description":"D\u00e9veloppement web pour les soci\u00e9t\u00e9s \u00e0 La R\u00e9union. VirtualEyes optimise votre pr\u00e9sence en ligne avec des solutions performantes et adapt\u00e9es.","og_url":"https:\/\/virtualeyes.re\/developpement-web-pour-les-societes\/","og_site_name":"VirtualEyes","article_modified_time":"2024-08-15T18:56:36+00:00","twitter_card":"summary_large_image","twitter_misc":{"Dur\u00e9e de lecture estim\u00e9e":"4 minutes"},"schema":{"@context":"https:\/\/schema.org","@graph":[{"@type":"WebPage","@id":"https:\/\/virtualeyes.re\/developpement-web-pour-les-societes\/","url":"https:\/\/virtualeyes.re\/developpement-web-pour-les-societes\/","name":"D\u00e9veloppement Web pour les soci\u00e9t\u00e9s - VirtualEyes","isPartOf":{"@id":"https:\/\/virtualeyes.re\/#website"},"datePublished":"2024-04-21T22:19:44+00:00","dateModified":"2024-08-15T18:56:36+00:00","description":"D\u00e9veloppement web pour les soci\u00e9t\u00e9s \u00e0 La R\u00e9union. VirtualEyes optimise votre pr\u00e9sence en ligne avec des solutions performantes et adapt\u00e9es.","breadcrumb":{"@id":"https:\/\/virtualeyes.re\/developpement-web-pour-les-societes\/#breadcrumb"},"inLanguage":"fr-FR","potentialAction":[{"@type":"ReadAction","target":["https:\/\/virtualeyes.re\/developpement-web-pour-les-societes\/"]}]},{"@type":"BreadcrumbList","@id":"https:\/\/virtualeyes.re\/developpement-web-pour-les-societes\/#breadcrumb","itemListElement":[{"@type":"ListItem","position":1,"name":"Accueil","item":"https:\/\/virtualeyes.re\/"},{"@type":"ListItem","position":2,"name":"D\u00e9veloppement Web pour les soci\u00e9t\u00e9s"}]},{"@type":"WebSite","@id":"https:\/\/virtualeyes.re\/#website","url":"https:\/\/virtualeyes.re\/","name":"VirtualEyes","description":"Cr\u00e9ation de Site Internet, Design, Image de marque et Marketing \u00e0 la R\u00e9union","potentialAction":[{"@type":"SearchAction","target":{"@type":"EntryPoint","urlTemplate":"https:\/\/virtualeyes.re\/?s={search_term_string}"},"query-input":{"@type":"PropertyValueSpecification","valueRequired":true,"valueName":"search_term_string"}}],"inLanguage":"fr-FR"}]}},"_links":{"self":[{"href":"https:\/\/virtualeyes.re\/index.php?rest_route=\/wp\/v2\/pages\/163","targetHints":{"allow":["GET"]}}],"collection":[{"href":"https:\/\/virtualeyes.re\/index.php?rest_route=\/wp\/v2\/pages"}],"about":[{"href":"https:\/\/virtualeyes.re\/index.php?rest_route=\/wp\/v2\/types\/page"}],"author":[{"embeddable":true,"href":"https:\/\/virtualeyes.re\/index.php?rest_route=\/wp\/v2\/users\/1"}],"replies":[{"embeddable":true,"href":"https:\/\/virtualeyes.re\/index.php?rest_route=%2Fwp%2Fv2%2Fcomments&post=163"}],"version-history":[{"count":4,"href":"https:\/\/virtualeyes.re\/index.php?rest_route=\/wp\/v2\/pages\/163\/revisions"}],"predecessor-version":[{"id":171,"href":"https:\/\/virtualeyes.re\/index.php?rest_route=\/wp\/v2\/pages\/163\/revisions\/171"}],"wp:attachment":[{"href":"https:\/\/virtualeyes.re\/index.php?rest_route=%2Fwp%2Fv2%2Fmedia&parent=163"}],"curies":[{"name":"wp","href":"https:\/\/api.w.org\/{rel}","templated":true}]}}